{"id":293,"date":"2026-03-07T00:01:57","date_gmt":"2026-03-07T00:01:57","guid":{"rendered":"https:\/\/veszpremvarsany.taxigyor.com\/?page_id=293"},"modified":"2026-03-17T17:10:41","modified_gmt":"2026-03-17T17:10:41","slug":"telepulesunk","status":"publish","type":"page","link":"https:\/\/veszpremvarsany.taxigyor.com\/index.php\/telepulesunk\/","title":{"rendered":"Telep\u00fcl\u00e9s\u00fcnk"},"content":{"rendered":"\t\t<div data-elementor-type=\"wp-page\" data-elementor-id=\"293\" class=\"elementor elementor-293\" data-elementor-post-type=\"page\">\n\t\t\t\t<div class=\"elementor-element elementor-element-a0aad97 e-flex e-con-boxed e-con e-parent\" data-id=\"a0aad97\" data-element_type=\"container\" data-e-type=\"container\" data-settings=\"{&quot;background_background&quot;:&quot;classic&quot;}\">\n\t\t\t\t\t<div class=\"e-con-inner\">\n\t\t<div class=\"elementor-element elementor-element-fd52947 e-con-full e-flex e-con e-child\" data-id=\"fd52947\" data-element_type=\"container\" data-e-type=\"container\" data-settings=\"{&quot;background_background&quot;:&quot;classic&quot;}\">\n\t\t\t\t<div class=\"elementor-element elementor-element-6185a1d elementor-widget elementor-widget-heading\" data-id=\"6185a1d\" data-element_type=\"widget\" data-e-type=\"widget\" data-widget_type=\"heading.default\">\n\t\t\t\t\t<h2 class=\"elementor-heading-title elementor-size-default\">Telep\u00fcl\u00e9s\u00fcnkr\u0151l<\/h2>\t\t\t\t<\/div>\n\t\t\t\t<div class=\"elementor-element elementor-element-20bc11f elementor-widget elementor-widget-text-editor\" data-id=\"20bc11f\" data-element_type=\"widget\" data-e-type=\"widget\" data-widget_type=\"text-editor.default\">\n\t\t\t\t\t\t\t\t\t<p>Telep\u00fcl\u00e9s\u00fcnket a Gy\u0151rt Veszpr\u00e9mmel \u00f6sszek\u00f6t\u0151, 82. sz\u00e1m\u00fa \u00fat ment\u00e9n, Gy\u0151rt\u0151l 30, Veszpr\u00e9mt\u0151l 45 km t\u00e1vols\u00e1gra tal\u00e1ljuk meg. A k\u00f6zs\u00e9g egyike ama hat telep\u00fcl\u00e9snek, melyeket 2002. okt\u00f3ber 20-a ut\u00e1n csatoltak a megy\u00e9hez. Vas\u00fati csom\u00f3pont a Gy\u0151r-Veszpr\u00e9m \u00e9s a P\u00e1pa-Tatab\u00e1nya vas\u00fatvonalak keresztez\u0151d\u00e9s\u00e9ben. A telep\u00fcl\u00e9s az \u00e9szaki Bakony nyugati lejt\u0151j\u00e9re \u00e9p\u00fclt. A k\u00f6zs\u00e9g leny\u00falik a Sokor\u00f3i-dombs\u00e1got \u00e9s a Bakony hegys\u00e9get elv\u00e1laszt\u00f3 s\u00edks\u00e1gra, ahol kedvez\u0151 felt\u00e9telek vannak a gabona termeszt\u00e9s\u00e9re.\u00a0 Az \u00e9szaki lejt\u0151k sz\u0151l\u0151termeszt\u00e9sre alkalmasak.<\/p>\t\t\t\t\t\t\t\t<\/div>\n\t\t\t\t<\/div>\n\t\t<div class=\"elementor-element elementor-element-8dff228 e-con-full e-flex e-con e-child\" data-id=\"8dff228\" data-element_type=\"container\" data-e-type=\"container\" data-settings=\"{&quot;background_background&quot;:&quot;classic&quot;}\">\n\t\t\t\t<div class=\"elementor-element elementor-element-8796da4 elementor-widget elementor-widget-heading\" data-id=\"8796da4\" data-element_type=\"widget\" data-e-type=\"widget\" data-widget_type=\"heading.default\">\n\t\t\t\t\t<h2 class=\"elementor-heading-title elementor-size-default\">C\u00edmer\u00fcnk<\/h2>\t\t\t\t<\/div>\n\t\t\t\t<div class=\"elementor-element elementor-element-0fd2820 elementor-widget elementor-widget-text-editor\" data-id=\"0fd2820\" data-element_type=\"widget\" data-e-type=\"widget\" data-widget_type=\"text-editor.default\">\n\t\t\t\t\t\t\t\t\t<p>\u00c1ll\u00f3, cs\u00fccsk\u00f6s talp\u00fa a pajzs, aranykereszttel negyedelt els\u0151 \u00e9s negyedik mez\u0151 z\u00f6ld, a m\u00e1sodik \u00e9s harmadik mez\u0151 ez\u00fcst. Az els\u0151 mez\u0151ben a buzog\u00e1ny a telep\u00fcl\u00e9s protest\u00e1ns lak\u00f3it jelk\u00e9pezi. A m\u00e1sodik mez\u0151ben a r\u00f3mai katolikus templom stiliz\u00e1lt oromzata. A harmadik mez\u0151ben a gabonakal\u00e1sz \u00e9s falev\u00e9l a t\u00e1j mez\u0151gazdas\u00e1gi jelleg\u00e9t fejezi ki, a h\u00e1rom domb a telep\u00fcl\u00e9s h\u00e1rom jellemz\u0151 kiemelked\u00e9s\u00e9t (Herceg, K\u00f6veshegy, Eb\u00e9dl\u00e1t\u00f3) szimboliz\u00e1lja, valamint azt, hogy a k\u00f6zs\u00e9g h\u00e1rom megyehat\u00e1r (Veszpr\u00e9m, Gy\u0151r-Moson-Sopron, Kom\u00e1rom-Esztergom) tal\u00e1lkoz\u00e1sa k\u00f6zel\u00e9ben fekszik. A negyedik mez\u0151ben a k\u00f6zs\u00e9g 1788 felirat\u00fa pecs\u00e9tlenyomat\u00e1n l\u00e9v\u0151, cs\u0151r\u00e9ben leveles gallyat tart\u00f3 mad\u00e1r.<\/p>\t\t\t\t\t\t\t\t<\/div>\n\t\t\t\t<\/div>\n\t\t<div class=\"elementor-element elementor-element-31e2cce e-con-full e-flex e-con e-child\" data-id=\"31e2cce\" data-element_type=\"container\" data-e-type=\"container\" data-settings=\"{&quot;background_background&quot;:&quot;classic&quot;}\">\n\t\t\t\t<div class=\"elementor-element elementor-element-e7717b7 elementor-widget elementor-widget-heading\" data-id=\"e7717b7\" data-element_type=\"widget\" data-e-type=\"widget\" data-widget_type=\"heading.default\">\n\t\t\t\t\t<h2 class=\"elementor-heading-title elementor-size-default\">T\u00f6rt\u00e9nete<\/h2>\t\t\t\t<\/div>\n\t\t\t\t<div class=\"elementor-element elementor-element-41b1684 elementor-widget elementor-widget-text-editor\" data-id=\"41b1684\" data-element_type=\"widget\" data-e-type=\"widget\" data-widget_type=\"text-editor.default\">\n\t\t\t\t\t\t\t\t\t<p>Nev\u00e9t a pannonhalmi ap\u00e1ts\u00e1g 1210. \u00e9vi oklevel\u00e9ben eml\u00edtik el\u0151sz\u00f6r Vosyan, majd 1531-ben Nag Warsan n\u00e9ven. Vars\u00e1ny volt a honfoglal\u00e1s el\u0151tt a magyarokhoz csatlakoz\u00f3 al\u00e1n n\u00e9pt\u00f6red\u00e9k neve. A k\u00f6z\u00e9pkorban a pannonhalmi ap\u00e1ts\u00e1g legn\u00e9pesebb faluja volt. J\u00f3 megk\u00f6zel\u00edthet\u0151s\u00e9ge a h\u00e1bor\u00fak idej\u00e9n a telep\u00fcl\u00e9s nagy h\u00e1tr\u00e1ny\u00e1ra volt. A t\u00f6r\u00f6k\u00f6k 1531-ben, a cseszneki zsoldosok 1536-ban fel\u00e9gett\u00e9k a falut. A telep\u00fcl\u00e9s 1542-t\u0151l eln\u00e9ptelenedik, csak 1606 ut\u00e1n t\u00e9rnek vissza lakosai. A B\u00e9cs fel\u00e9 vonul\u00f3 t\u00f6r\u00f6k\u00f6k utolj\u00e1ra 1683-ban \u00e9gett\u00e9k fel a falut. Ekkor pusztult el a temploma, amit \u00fajra 1725-ben \u00e9p\u00edtettek fel. A sz\u0151l\u0151ket 1714-ben telep\u00edtett\u00e9k \u00fajra az \u00edr\u00e1sok szerint. Vars\u00e1ny n\u00e9pe f\u00f6ldm\u0171vel\u00e9sb\u0151l, sz\u0151l\u0151- \u00e9s gy\u00fcm\u00f6lcstermeszt\u00e9sb\u0151l \u00e9lt. Ny\u00e1ron r\u00e9szes arat\u00e1st, cs\u00e9pl\u00e9st v\u00e1llaltak, t\u00e9len t\u0171zif\u00e1val kereskedtek. A h\u0171b\u00e9r\u00far a XVI. sz\u00e1zad sor\u00e1n elengedte a kilencedet, mert a jobb\u00e1gyok nagyon szeg\u00e9nyek voltak. N\u00e9pess\u00e9ge magyar, vall\u00e1si szempontb\u00f3l fele r\u00e9szben katolikus, fele r\u00e9szben protest\u00e1ns vall\u00e1s\u00fa. Iskol\u00e1j\u00e1t 1720-ban alap\u00edtott\u00e1k. A XVII. \u00e9s XVIII. sz\u00e1zadi \u00e1llapotok meg\u0151rz\u00e9se ut\u00e1n fejl\u0151d\u00e9st hoztak az 1895 k\u00f6r\u00fcl meg\u00e9p\u00fclt vas\u00fatvonalak. Az 1860-as \u00e9vekt\u0151l \u00f6n\u00e1ll\u00f3 post\u00e1ja volt, amit 1952-ben \u00e1t\u00e9p\u00edtettek. A postahivatal 1985-ben k\u00f6lt\u00f6z\u00f6tt mostani hely\u00e9re. A XIX. sz\u00e1zad hatvanas \u00e9veiben \u00e9p\u00fclt fel a k\u00f6zs\u00e9gh\u00e1za. Ebben a hivatalban int\u00e9zt\u00e9k L\u00e1zi \u00e9s Sik\u00e1tor k\u00f6zs\u00e9gek \u00fcgyeit is. 1945 ut\u00e1n a k\u00f6zs\u00e9gek \u00f6n\u00e1ll\u00f3 igazgat\u00e1st kaptak. A tan\u00e1csrendszerben 1963-t\u00f3l Sik\u00e1torral, majd 1969-t\u0151l L\u00e1zival k\u00f6z\u00f6s tan\u00e1csot alkottak, veszpr\u00e9mvars\u00e1nyi sz\u00e9khellyel. A rendszerv\u00e1ltoz\u00e1skor minden k\u00f6zs\u00e9g \u00f6n\u00e1ll\u00f3 \u00f6nkorm\u00e1nyzatot v\u00e1lasztott, de a k\u00f6zigazgat\u00e1st a megalakult k\u00f6rjegyz\u0151s\u00e9g v\u00e9gzi. 1992-ben L\u00e1zi k\u00f6zs\u00e9g kiv\u00e1lt a k\u00f6rjegyz\u0151s\u00e9gb\u0151l.<\/p><p>Termel\u0151sz\u00f6vetkezete 1959-ben alakult meg. F\u0151 profilja az \u00e1llatteny\u00e9szt\u00e9s \u00e9s a n\u00f6v\u00e9nytermeszt\u00e9s volt. 1962-ben a sik\u00e1tori \u00e9s a l\u00e1zi sz\u00f6vetkezet egyes\u00fclt a veszpr\u00e9mvars\u00e1nyival. 1974-ben, amikor t\u00f6bb termel\u0151sz\u00f6vetkezet egyes\u00fclt J\u00f3bar\u00e1ts\u00e1g n\u00e9ven, a k\u00f6rny\u00e9k legnagyobb foglalkoztat\u00f3j\u00e1v\u00e1 v\u00e1lt. A foglalkoztatottak nagy r\u00e9sze a j\u00f3 k\u00f6zleked\u00e9si viszonyok miatt m\u00e1r \u00e9vtizedek \u00f3ta Gy\u0151rben keresi kenyer\u00e9t.<\/p><p>M\u00e1r 1954-ben felmer\u00fclt egy korszer\u0171 iskola \u00e9p\u00edt\u00e9s\u00e9nek ig\u00e9nye. Az 1979-ben megkezd\u0151d\u00f6tt \u00e9p\u00edtkez\u00e9s 1982 szeptember\u00e9ben fejez\u0151d\u00f6tt be. A 10 tantermes iskol\u00e1t j\u00f3l felszerelt\u00e9k szeml\u00e9ltet\u0151eszk\u00f6z\u00f6kkel. 2-300 m\u00e9terre van sportp\u00e1lya. Rendelkezik konyh\u00e1val \u00e9s eb\u00e9dl\u0151vel is. 1991-t\u0151l napk\u00f6zi otthonos \u00f3voda is m\u0171k\u00f6dik az \u00e9p\u00fcletben.<\/p><p>1982-ben k\u00f6rzeti iskol\u00e1v\u00e1 v\u00e1lt. \u00cdgy ide ker\u00fcltek a gici, a rom\u00e1ndi, a l\u00e1zi, a bakonygyir\u00f3ti \u00e9s a ba\u00adkonyp\u00e9terdi fels\u0151 tagozatos iskol\u00e1sok. Akkor 13 tanul\u00f3csoportban 285 gyermekkel folyt az okta\u00adt\u00e1s. 1990 ut\u00e1n az \u00f6nkorm\u00e1nyzatok egy r\u00e9sz\u00e9nek k\u00f6z\u00f6s tulajdona lett.<\/p><p>1959-ben alakult meg a takar\u00e9ksz\u00f6vetkezet. Az 1961-62-es \u00e9vekben \u00e9p\u00fclt a 82-es \u00fatnak a falut r\u00e9szben elker\u00fcl\u0151 szakasza, mely miatt n\u00e9h\u00e1ny h\u00e1zat le kellett bontani. 1965-1967-ben g\u00e1zcseretelep l\u00e9tes\u00fclt, majd szolg\u00e1lati lak\u00e1ssal a k\u00f6rzeti orvosi rendel\u0151 \u00e9p\u00fclt. 1969-ben lett k\u00e9sz az \u00e1ramszol\u00adg\u00e1ltat\u00f3, az \u00c9D\u00c1SZ kirendelts\u00e9ge, melyet sajnos 2001-ben megsz\u00fcntettek. A vas\u00fat\u00e1llom\u00e1s \u00e9p\u00fclet\u00e9t 1972-ben \u00e9p\u00edtett\u00e9k \u00e1t. Ebben az \u00e9vben \u00e9p\u00fclt fel a t\u0171zolt\u00f3szert\u00e1r. A k\u00f6zs\u00e9g, j\u00f3 t\u0171zv\u00e9delmi munk\u00e1j\u00e1\u00e9rt t\u0171zolt\u00f3aut\u00f3t kapott aj\u00e1nd\u00e9kba. A termel\u0151sz\u00f6vetke\u00adzet szolg\u00e1lati lak\u00e1sokat \u00e9p\u00edtett, amit a bennlak\u00f3k 1990-ben megv\u00e1s\u00e1rolhattak. Az \u00e1f\u00e9sz 1971-ben \u00e9ttermet, 1983-ban \u00e9lelmiszerboltot \u00e9p\u00edtett. A 70-es \u00e9vek k\u00f6zep\u00e9n aszfaltozt\u00e1k a k\u00f6zs\u00e9g utc\u00e1it. K\u00f6zben folyamatosan, \u00e9vente \u00e9p\u00fcltek meg a gyalogj\u00e1rd\u00e1k. 1981-ben kapott aszfaltos utat a G\u00e1bor \u00c1ron utca is. A K\u00f6vetkez\u0151 \u00e9vben aut\u00f3parkol\u00f3 \u00e9p\u00fclt a faluban. A k\u00f6zel egy \u00e9vsz\u00e1zadig m\u0171k\u00f6d\u0151 malom, ami a k\u00f6rny\u00e9k lisztell\u00e1t\u00e1s\u00e1t biztos\u00edtotta, 1986-ban le\u00e9gett. Hely\u00e9n 1989-ben m\u0171anyag-feldolgoz\u00f3 \u00fczem l\u00e9tes\u00fclt. A volt uradalmi d\u00edszkert ter\u00fclet\u00e9n meg\u00e9p\u00fclt a termel\u0151sz\u00f6vetkezet k\u00f6zponti irodah\u00e1za. 1990-ben befejez\u0151d\u00f6tt az iv\u00f3v\u00edz- \u00e9s a csatornah\u00e1l\u00f3zat meg\u00e9p\u00edt\u00e9se. Elk\u00e9sz\u00fclt a faluban 400000 m3-es szennyv\u00edztiszt\u00edt\u00f3-telep. A g\u00e1zh\u00e1l\u00f3zatot 1999-ben \u00e9p\u00edtett\u00e9k ki. \u00cdgy befejez\u0151d\u00f6tt a telep\u00fcl\u00e9s k\u00f6zm\u0171h\u00e1l\u00f3zat\u00e1nak a kialak\u00edt\u00e1sa. A k\u00f6zs\u00e9g \u00e9szaki bej\u00e1rat\u00e1n\u00e1l 1950-ben meg\u00e9p\u00fclt kezdetleges benzink\u00fat 1991-ben mag\u00e1ntulajdonba ker\u00fclt. A r\u00e9gi hely\u00e9n korszer\u0171 \u00fczemanyagt\u00f6lt\u0151 \u00e1llom\u00e1s l\u00e9tes\u00fclt. Mag\u00e1nk\u00e9zbe ker\u00fclt a T\u00fcz\u00e9p-telep is. A II. vil\u00e1gh\u00e1bor\u00fa \u00f3ta a k\u00f6zs\u00e9gben t\u00f6bb mint 300 \u00faj lak\u00e1s lak\u00f3h\u00e1z \u00e9p\u00fclt. Szinte mindegyiket korszer\u0171s\u00edtett\u00e9k. A korszer\u0171, 1986-ban \u00e9p\u00fclt Eg\u00e9szs\u00e9gh\u00e1zban 2 h\u00e1ziorvosi k\u00f6rzet, gyermekorvos, fogorvos, \u00fczemorvos, v\u00e9d\u0151n\u0151 ker\u00fclt elhelyez\u00e9sre. Ezen k\u00edv\u00fcl m\u00e9g gy\u00f3gyszert\u00e1r \u00e9s Id\u0151sek otthona is m\u0171k\u00f6dik a faluban. A mag\u00e1n \u00e9s v\u00e1llalkoz\u00e1si \u00e1llattart\u00e1st hat\u00f3s\u00e1gi \u00e1llatorvos, \u00fczemi \u00e1llatorvosok szolg\u00e1lj\u00e1k. A leteleped\u00e9s el\u0151seg\u00edt\u00e9s\u00e9re 5 lak\u00e1sos ifj\u00fas\u00e1gi garzonh\u00e1zat \u00e9p\u00edtettek. Veszpr\u00e9mvars\u00e1ny \u2013 adotts\u00e1gait, int\u00e9zm\u00e9nyi ell\u00e1totts\u00e1g\u00e1t, infrastrukt\u00far\u00e1j\u00e1t tekintve \u2013 teljes\u00edtette a k\u00f6rzetk\u00f6zponti szerep felt\u00e9teleit.<\/p>\t\t\t\t\t\t\t\t<\/div>\n\t\t\t\t<\/div>\n\t\t<div class=\"elementor-element elementor-element-b76ffcd e-con-full e-flex e-con e-child\" data-id=\"b76ffcd\" data-element_type=\"container\" data-e-type=\"container\" data-settings=\"{&quot;background_background&quot;:&quot;classic&quot;}\">\n\t\t\t\t<div class=\"elementor-element elementor-element-1e43ba6 elementor-widget elementor-widget-heading\" data-id=\"1e43ba6\" data-element_type=\"widget\" data-e-type=\"widget\" data-widget_type=\"heading.default\">\n\t\t\t\t\t<h2 class=\"elementor-heading-title elementor-size-default\">L\u00e1tnival\u00f3k<\/h2>\t\t\t\t<\/div>\n\t\t\t\t<div class=\"elementor-element elementor-element-718c87b elementor-widget elementor-widget-text-editor\" data-id=\"718c87b\" data-element_type=\"widget\" data-e-type=\"widget\" data-widget_type=\"text-editor.default\">\n\t\t\t\t\t\t\t\t\t<p>Telep\u00fcl\u00e9s\u00fcnk nem b\u0151velkedik orsz\u00e1gos h\u00edr\u0171 l\u00e1tnival\u00f3kban, de az \u00c9szaki-Bakony szomsz\u00e9ds\u00e1ga k\u00f6nnyen el\u00e9rhet\u0151v\u00e9 tesz sok j\u00f3l ismert kir\u00e1ndul\u00f3helyet, l\u00e1tnival\u00f3t, ami\u00e9rt \u00e9rdemes k\u00f6zs\u00e9g\u00fcnket v\u00e1lasztani kir\u00e1ndul\u00e1suk kiindul\u00f3pontjak\u00e9nt. Helyi l\u00e1tv\u00e1nyoss\u00e1gok is sz\u00e9p sz\u00e1mmal fellelhet\u0151k, ha a l\u00e1togat\u00f3 \u00e9rdekl\u0151d\u00e9ssel \u00e9s nyitott szemmel n\u00e9z sz\u00e9t.<\/p>\t\t\t\t\t\t\t\t<\/div>\n\t\t\t\t<\/div>\n\t\t\t\t\t<\/div>\n\t\t\t\t<\/div>\n\t\t\t\t<\/div>\n\t\t","protected":false},"excerpt":{"rendered":"<p>Telep\u00fcl\u00e9s\u00fcnkr\u0151l Telep\u00fcl\u00e9s\u00fcnket a Gy\u0151rt Veszpr\u00e9mmel \u00f6sszek\u00f6t\u0151, 82. sz\u00e1m\u00fa \u00fat ment\u00e9n, Gy\u0151rt\u0151l 30, Veszpr\u00e9mt\u0151l 45 km t\u00e1vols\u00e1gra tal\u00e1ljuk meg. A k\u00f6zs\u00e9g egyike ama hat telep\u00fcl\u00e9snek, melyeket 2002. okt\u00f3ber 20-a ut\u00e1n csatoltak [&hellip;]<\/p>\n","protected":false},"author":1,"featured_media":0,"parent":0,"menu_order":0,"comment_status":"closed","ping_status":"closed","template":"","meta":{"_acf_changed":false,"footnotes":""},"class_list":["post-293","page","type-page","status-publish","hentry"],"acf":[],"_links":{"self":[{"href":"https:\/\/veszpremvarsany.taxigyor.com\/index.php\/wp-json\/wp\/v2\/pages\/293","targetHints":{"allow":["GET"]}}],"collection":[{"href":"https:\/\/veszpremvarsany.taxigyor.com\/index.php\/wp-json\/wp\/v2\/pages"}],"about":[{"href":"https:\/\/veszpremvarsany.taxigyor.com\/index.php\/wp-json\/wp\/v2\/types\/page"}],"author":[{"embeddable":true,"href":"https:\/\/veszpremvarsany.taxigyor.com\/index.php\/wp-json\/wp\/v2\/users\/1"}],"replies":[{"embeddable":true,"href":"https:\/\/veszpremvarsany.taxigyor.com\/index.php\/wp-json\/wp\/v2\/comments?post=293"}],"version-history":[{"count":7,"href":"https:\/\/veszpremvarsany.taxigyor.com\/index.php\/wp-json\/wp\/v2\/pages\/293\/revisions"}],"predecessor-version":[{"id":1090,"href":"https:\/\/veszpremvarsany.taxigyor.com\/index.php\/wp-json\/wp\/v2\/pages\/293\/revisions\/1090"}],"wp:attachment":[{"href":"https:\/\/veszpremvarsany.taxigyor.com\/index.php\/wp-json\/wp\/v2\/media?parent=293"}],"curies":[{"name":"wp","href":"https:\/\/api.w.org\/{rel}","templated":true}]}}