{"id":976,"date":"2026-03-17T15:39:58","date_gmt":"2026-03-17T15:39:58","guid":{"rendered":"https:\/\/veszpremvarsany.taxigyor.com\/?page_id=976"},"modified":"2026-03-17T16:07:55","modified_gmt":"2026-03-17T16:07:55","slug":"civil-szervezetek","status":"publish","type":"page","link":"https:\/\/veszpremvarsany.taxigyor.com\/index.php\/civil-szervezetek\/","title":{"rendered":"Civil szervezetek"},"content":{"rendered":"\t\t<div data-elementor-type=\"wp-page\" data-elementor-id=\"976\" class=\"elementor elementor-976\" data-elementor-post-type=\"page\">\n\t\t\t\t<div class=\"elementor-element elementor-element-04ded00 e-flex e-con-boxed e-con e-parent\" data-id=\"04ded00\" data-element_type=\"container\" data-e-type=\"container\" data-settings=\"{&quot;background_background&quot;:&quot;classic&quot;}\">\n\t\t\t\t\t<div class=\"e-con-inner\">\n\t\t\t\t<div class=\"elementor-element elementor-element-8a9fa88 elementor-widget elementor-widget-heading\" data-id=\"8a9fa88\" data-element_type=\"widget\" data-e-type=\"widget\" data-widget_type=\"heading.default\">\n\t\t\t\t\t<h2 class=\"elementor-heading-title elementor-size-default\">Civil szervezetek<\/h2>\t\t\t\t<\/div>\n\t\t\t\t\t<\/div>\n\t\t\t\t<\/div>\n\t\t<div class=\"elementor-element elementor-element-2d8eb68 e-flex e-con-boxed e-con e-child\" data-id=\"2d8eb68\" data-element_type=\"container\" data-e-type=\"container\" data-settings=\"{&quot;background_background&quot;:&quot;classic&quot;}\">\n\t\t\t\t\t<div class=\"e-con-inner\">\n\t\t<div class=\"elementor-element elementor-element-cd7e0c6 e-con-full e-flex e-con e-child\" data-id=\"cd7e0c6\" data-element_type=\"container\" data-e-type=\"container\">\n\t\t<div class=\"elementor-element elementor-element-c56a924 e-con-full e-flex e-con e-child\" data-id=\"c56a924\" data-element_type=\"container\" data-e-type=\"container\">\n\t\t<div class=\"elementor-element elementor-element-03dd2a1 e-con-full e-flex e-con e-child\" data-id=\"03dd2a1\" data-element_type=\"container\" data-e-type=\"container\">\n\t\t\t\t<div class=\"elementor-element elementor-element-5243d96 elementor-widget elementor-widget-text-editor\" data-id=\"5243d96\" data-element_type=\"widget\" data-e-type=\"widget\" data-widget_type=\"text-editor.default\">\n\t\t\t\t\t\t\t\t\t<table border=\"1\" width=\"95%\" cellspacing=\"0\" cellpadding=\"2\"><colgroup> <col width=\"61*\" \/> <col width=\"80*\" \/> <col width=\"115*\" \/><\/colgroup><tbody><tr><td width=\"24%\"><p align=\"CENTER\"><b>Ad\u00f3sz\u00e1ma<\/b><\/p><\/td><td width=\"31%\"><p align=\"CENTER\"><b>N\u00e9v<\/b><\/p><\/td><td width=\"45%\"><p align=\"CENTER\"><b>Sz\u00e9khely<\/b><\/p><\/td><\/tr><tr><td width=\"24%\"><p align=\"LEFT\">18599945-1-08<\/p><\/td><td width=\"31%\"><p align=\"LEFT\"><a href=\"http:\/\/veszpremvarsany.hu\/?page_id=1409\"><strong>Veszpr\u00e9mvars\u00e1nyi H\u00e9tsz\u00ednvir\u00e1g \u00d3voda K\u00f6rzet\u00e9nek Gyermekei\u00e9rt Alap\u00edtv\u00e1ny<\/strong><\/a><\/p><\/td><td width=\"45%\"><p align=\"LEFT\">8438 VESZPR\u00c9MVARS\u00c1NY, ISKOLA UTCA 16.<\/p><\/td><\/tr><tr><td width=\"24%\"><p align=\"LEFT\">18280018-1-08<\/p><\/td><td width=\"31%\"><p align=\"LEFT\"><a href=\"http:\/\/veszpremvarsany.hu\/?page_id=558\"><strong>Veszpr\u00e9mvars\u00e1ny Labdar\u00fag\u00f3 Egyes\u00fclet<\/strong><\/a><\/p><\/td><td width=\"45%\"><p align=\"LEFT\">8438 VESZPR\u00c9MVARS\u00c1NY, KOSSUTH LAJOS UTCA 44.<\/p><\/td><\/tr><tr><td width=\"24%\"><p align=\"LEFT\">18918438-1-08<\/p><\/td><td width=\"31%\"><p align=\"LEFT\"><a href=\"http:\/\/veszpremvarsany.hu\/?page_id=2494\"><strong>Veszpr\u00e9mvars\u00e1ny k\u00f6zs\u00e9g Kult\u00far\u00e1j\u00e1\u00e9rt K\u00f6zalap\u00edtv\u00e1ny<\/strong><\/a><\/p><\/td><td width=\"45%\"><p align=\"LEFT\">8438 VESZPR\u00c9MVARS\u00c1NY, KOSSUTH UTCA 44.<\/p><\/td><\/tr><tr><td width=\"24%\"><p align=\"LEFT\">18983209-1-08<\/p><\/td><td width=\"31%\"><p align=\"LEFT\">T\u0170ZOLT\u00d3 EGYES\u00dcLET VESZPR\u00c9MVARS\u00c1NY<\/p><\/td><td width=\"45%\"><p align=\"LEFT\">8438 VESZPR\u00c9MVARS\u00c1NY, KOSSUTH UTCA 57.<\/p><\/td><\/tr><\/tbody><\/table>\t\t\t\t\t\t\t\t<\/div>\n\t\t\t\t<\/div>\n\t\t\t\t<\/div>\n\t\t\t\t<\/div>\n\t\t\t\t\t<\/div>\n\t\t\t\t<\/div>\n\t\t\t\t<\/div>\n\t\t","protected":false},"excerpt":{"rendered":"<p>Civil szervezetek Ad\u00f3sz\u00e1ma N\u00e9v Sz\u00e9khely 18599945-1-08 Veszpr\u00e9mvars\u00e1nyi H\u00e9tsz\u00ednvir\u00e1g \u00d3voda K\u00f6rzet\u00e9nek Gyermekei\u00e9rt Alap\u00edtv\u00e1ny 8438 VESZPR\u00c9MVARS\u00c1NY, ISKOLA UTCA 16. 18280018-1-08 Veszpr\u00e9mvars\u00e1ny Labdar\u00fag\u00f3 Egyes\u00fclet 8438 VESZPR\u00c9MVARS\u00c1NY, KOSSUTH LAJOS UTCA 44. 18918438-1-08 Veszpr\u00e9mvars\u00e1ny k\u00f6zs\u00e9g [&hellip;]<\/p>\n","protected":false},"author":1,"featured_media":0,"parent":0,"menu_order":0,"comment_status":"closed","ping_status":"closed","template":"","meta":{"_acf_changed":false,"footnotes":""},"class_list":["post-976","page","type-page","status-publish","hentry"],"acf":[],"_links":{"self":[{"href":"https:\/\/veszpremvarsany.taxigyor.com\/index.php\/wp-json\/wp\/v2\/pages\/976","targetHints":{"allow":["GET"]}}],"collection":[{"href":"https:\/\/veszpremvarsany.taxigyor.com\/index.php\/wp-json\/wp\/v2\/pages"}],"about":[{"href":"https:\/\/veszpremvarsany.taxigyor.com\/index.php\/wp-json\/wp\/v2\/types\/page"}],"author":[{"embeddable":true,"href":"https:\/\/veszpremvarsany.taxigyor.com\/index.php\/wp-json\/wp\/v2\/users\/1"}],"replies":[{"embeddable":true,"href":"https:\/\/veszpremvarsany.taxigyor.com\/index.php\/wp-json\/wp\/v2\/comments?post=976"}],"version-history":[{"count":6,"href":"https:\/\/veszpremvarsany.taxigyor.com\/index.php\/wp-json\/wp\/v2\/pages\/976\/revisions"}],"predecessor-version":[{"id":1018,"href":"https:\/\/veszpremvarsany.taxigyor.com\/index.php\/wp-json\/wp\/v2\/pages\/976\/revisions\/1018"}],"wp:attachment":[{"href":"https:\/\/veszpremvarsany.taxigyor.com\/index.php\/wp-json\/wp\/v2\/media?parent=976"}],"curies":[{"name":"wp","href":"https:\/\/api.w.org\/{rel}","templated":true}]}}